{"id":2872,"date":"2026-04-27T12:11:15","date_gmt":"2026-04-27T16:11:15","guid":{"rendered":"https:\/\/www.2squarefilms.com\/nos-realisations\/collaborating-to-innovate\/"},"modified":"2026-04-27T14:36:12","modified_gmt":"2026-04-27T18:36:12","slug":"collaborer-pour-innover","status":"publish","type":"page","link":"https:\/\/www.2squarefilms.com\/fr\/nos-realisations\/collaborer-pour-innover\/","title":{"rendered":"Collaborer pour innover"},"content":{"rendered":"\n<p>Documenter et faire rayonner les projets interdisciplinaires.<\/p>\n\n\n\n<p><\/p>\n","protected":false},"excerpt":{"rendered":"<p>Documenter et faire rayonner les projets interdisciplinaires.<\/p>\n","protected":false},"author":4,"featured_media":0,"parent":143,"menu_order":0,"comment_status":"closed","ping_status":"closed","template":"project_simple.php","meta":{"_acf_changed":false,"footnotes":""},"class_list":["post-2872","page","type-page","status-publish","hentry"],"acf":[],"yoast_head":"<!-- This site is optimized with the Yoast SEO plugin v27.1.1 - https:\/\/yoast.com\/product\/yoast-seo-wordpress\/ -->\n<title>Collaborer pour innover - 2 Square Films<\/title>\n<meta name=\"description\" content=\"Production vid\u00e9o pour documenter et faire rayonner des projets interdisciplinaires en arts num\u00e9riques, avec une approche strat\u00e9gique.\" \/>\n<meta name=\"robots\" content=\"index, follow, max-snippet:-1, max-image-preview:large, max-video-preview:-1\" \/>\n<link rel=\"canonical\" href=\"https:\/\/www.2squarefilms.com\/fr\/nos-realisations\/collaborer-pour-innover\/\" \/>\n<meta property=\"og:locale\" content=\"fr_FR\" \/>\n<meta property=\"og:type\" content=\"article\" \/>\n<meta property=\"og:title\" content=\"Collaborer pour innover - 2 Square Films\" \/>\n<meta property=\"og:description\" content=\"Production vid\u00e9o pour documenter et faire rayonner des projets interdisciplinaires en arts num\u00e9riques, avec une approche strat\u00e9gique.\" \/>\n<meta property=\"og:url\" content=\"https:\/\/www.2squarefilms.com\/fr\/nos-realisations\/collaborer-pour-innover\/\" \/>\n<meta property=\"og:site_name\" content=\"2 Square Films\" \/>\n<meta property=\"article:publisher\" content=\"https:\/\/www.facebook.com\/2SquareFilms\" \/>\n<meta property=\"article:modified_time\" content=\"2026-04-27T18:36:12+00:00\" \/>\n<script type=\"application\/ld+json\" class=\"yoast-schema-graph\">{\"@context\":\"https:\/\/schema.org\",\"@graph\":[{\"@type\":\"WebPage\",\"@id\":\"https:\/\/www.2squarefilms.com\/fr\/nos-realisations\/collaborer-pour-innover\/\",\"url\":\"https:\/\/www.2squarefilms.com\/fr\/nos-realisations\/collaborer-pour-innover\/\",\"name\":\"Collaborer pour innover - 2 Square Films\",\"isPartOf\":{\"@id\":\"https:\/\/www.2squarefilms.com\/fr\/#website\"},\"datePublished\":\"2026-04-27T16:11:15+00:00\",\"dateModified\":\"2026-04-27T18:36:12+00:00\",\"description\":\"Production vid\u00e9o pour documenter et faire rayonner des projets interdisciplinaires en arts num\u00e9riques, avec une approche strat\u00e9gique.\",\"breadcrumb\":{\"@id\":\"https:\/\/www.2squarefilms.com\/fr\/nos-realisations\/collaborer-pour-innover\/#breadcrumb\"},\"inLanguage\":\"fr-FR\",\"potentialAction\":[{\"@type\":\"ReadAction\",\"target\":[\"https:\/\/www.2squarefilms.com\/fr\/nos-realisations\/collaborer-pour-innover\/\"]}]},{\"@type\":\"BreadcrumbList\",\"@id\":\"https:\/\/www.2squarefilms.com\/fr\/nos-realisations\/collaborer-pour-innover\/#breadcrumb\",\"itemListElement\":[{\"@type\":\"ListItem\",\"position\":1,\"name\":\"Home\",\"item\":\"https:\/\/www.2squarefilms.com\/fr\/\"},{\"@type\":\"ListItem\",\"position\":2,\"name\":\"Nos r\u00e9alisations\",\"item\":\"https:\/\/www.2squarefilms.com\/fr\/nos-realisations\/\"},{\"@type\":\"ListItem\",\"position\":3,\"name\":\"Collaborer pour innover\"}]},{\"@type\":\"WebSite\",\"@id\":\"https:\/\/www.2squarefilms.com\/fr\/#website\",\"url\":\"https:\/\/www.2squarefilms.com\/fr\/\",\"name\":\"2 Square Films\",\"description\":\"Imagine. Create. Share.\",\"publisher\":{\"@id\":\"https:\/\/www.2squarefilms.com\/fr\/#organization\"},\"alternateName\":\"2SF\",\"potentialAction\":[{\"@type\":\"SearchAction\",\"target\":{\"@type\":\"EntryPoint\",\"urlTemplate\":\"https:\/\/www.2squarefilms.com\/fr\/?s={search_term_string}\"},\"query-input\":{\"@type\":\"PropertyValueSpecification\",\"valueRequired\":true,\"valueName\":\"search_term_string\"}}],\"inLanguage\":\"fr-FR\"},{\"@type\":\"Organization\",\"@id\":\"https:\/\/www.2squarefilms.com\/fr\/#organization\",\"name\":\"2 Square Films\",\"alternateName\":\"2SF\",\"url\":\"https:\/\/www.2squarefilms.com\/fr\/\",\"logo\":{\"@type\":\"ImageObject\",\"inLanguage\":\"fr-FR\",\"@id\":\"https:\/\/www.2squarefilms.com\/fr\/#\/schema\/logo\/image\/\",\"url\":\"https:\/\/www.2squarefilms.com\/wp-content\/uploads\/2025\/06\/2square-logo.png\",\"contentUrl\":\"https:\/\/www.2squarefilms.com\/wp-content\/uploads\/2025\/06\/2square-logo.png\",\"width\":354,\"height\":358,\"caption\":\"2 Square Films\"},\"image\":{\"@id\":\"https:\/\/www.2squarefilms.com\/fr\/#\/schema\/logo\/image\/\"},\"sameAs\":[\"https:\/\/www.facebook.com\/2SquareFilms\",\"https:\/\/www.linkedin.com\/company\/2squarefilms\"]}]}<\/script>\n<!-- \/ Yoast SEO plugin. -->","yoast_head_json":{"title":"Collaborer pour innover - 2 Square Films","description":"Production vid\u00e9o pour documenter et faire rayonner des projets interdisciplinaires en arts num\u00e9riques, avec une approche strat\u00e9gique.","robots":{"index":"index","follow":"follow","max-snippet":"max-snippet:-1","max-image-preview":"max-image-preview:large","max-video-preview":"max-video-preview:-1"},"canonical":"https:\/\/www.2squarefilms.com\/fr\/nos-realisations\/collaborer-pour-innover\/","og_locale":"fr_FR","og_type":"article","og_title":"Collaborer pour innover - 2 Square Films","og_description":"Production vid\u00e9o pour documenter et faire rayonner des projets interdisciplinaires en arts num\u00e9riques, avec une approche strat\u00e9gique.","og_url":"https:\/\/www.2squarefilms.com\/fr\/nos-realisations\/collaborer-pour-innover\/","og_site_name":"2 Square Films","article_publisher":"https:\/\/www.facebook.com\/2SquareFilms","article_modified_time":"2026-04-27T18:36:12+00:00","schema":{"@context":"https:\/\/schema.org","@graph":[{"@type":"WebPage","@id":"https:\/\/www.2squarefilms.com\/fr\/nos-realisations\/collaborer-pour-innover\/","url":"https:\/\/www.2squarefilms.com\/fr\/nos-realisations\/collaborer-pour-innover\/","name":"Collaborer pour innover - 2 Square Films","isPartOf":{"@id":"https:\/\/www.2squarefilms.com\/fr\/#website"},"datePublished":"2026-04-27T16:11:15+00:00","dateModified":"2026-04-27T18:36:12+00:00","description":"Production vid\u00e9o pour documenter et faire rayonner des projets interdisciplinaires en arts num\u00e9riques, avec une approche strat\u00e9gique.","breadcrumb":{"@id":"https:\/\/www.2squarefilms.com\/fr\/nos-realisations\/collaborer-pour-innover\/#breadcrumb"},"inLanguage":"fr-FR","potentialAction":[{"@type":"ReadAction","target":["https:\/\/www.2squarefilms.com\/fr\/nos-realisations\/collaborer-pour-innover\/"]}]},{"@type":"BreadcrumbList","@id":"https:\/\/www.2squarefilms.com\/fr\/nos-realisations\/collaborer-pour-innover\/#breadcrumb","itemListElement":[{"@type":"ListItem","position":1,"name":"Home","item":"https:\/\/www.2squarefilms.com\/fr\/"},{"@type":"ListItem","position":2,"name":"Nos r\u00e9alisations","item":"https:\/\/www.2squarefilms.com\/fr\/nos-realisations\/"},{"@type":"ListItem","position":3,"name":"Collaborer pour innover"}]},{"@type":"WebSite","@id":"https:\/\/www.2squarefilms.com\/fr\/#website","url":"https:\/\/www.2squarefilms.com\/fr\/","name":"2 Square Films","description":"Imagine. Create. Share.","publisher":{"@id":"https:\/\/www.2squarefilms.com\/fr\/#organization"},"alternateName":"2SF","potentialAction":[{"@type":"SearchAction","target":{"@type":"EntryPoint","urlTemplate":"https:\/\/www.2squarefilms.com\/fr\/?s={search_term_string}"},"query-input":{"@type":"PropertyValueSpecification","valueRequired":true,"valueName":"search_term_string"}}],"inLanguage":"fr-FR"},{"@type":"Organization","@id":"https:\/\/www.2squarefilms.com\/fr\/#organization","name":"2 Square Films","alternateName":"2SF","url":"https:\/\/www.2squarefilms.com\/fr\/","logo":{"@type":"ImageObject","inLanguage":"fr-FR","@id":"https:\/\/www.2squarefilms.com\/fr\/#\/schema\/logo\/image\/","url":"https:\/\/www.2squarefilms.com\/wp-content\/uploads\/2025\/06\/2square-logo.png","contentUrl":"https:\/\/www.2squarefilms.com\/wp-content\/uploads\/2025\/06\/2square-logo.png","width":354,"height":358,"caption":"2 Square Films"},"image":{"@id":"https:\/\/www.2squarefilms.com\/fr\/#\/schema\/logo\/image\/"},"sameAs":["https:\/\/www.facebook.com\/2SquareFilms","https:\/\/www.linkedin.com\/company\/2squarefilms"]}]}},"_links":{"self":[{"href":"https:\/\/www.2squarefilms.com\/fr\/wp-json\/wp\/v2\/pages\/2872","targetHints":{"allow":["GET"]}}],"collection":[{"href":"https:\/\/www.2squarefilms.com\/fr\/wp-json\/wp\/v2\/pages"}],"about":[{"href":"https:\/\/www.2squarefilms.com\/fr\/wp-json\/wp\/v2\/types\/page"}],"author":[{"embeddable":true,"href":"https:\/\/www.2squarefilms.com\/fr\/wp-json\/wp\/v2\/users\/4"}],"replies":[{"embeddable":true,"href":"https:\/\/www.2squarefilms.com\/fr\/wp-json\/wp\/v2\/comments?post=2872"}],"version-history":[{"count":2,"href":"https:\/\/www.2squarefilms.com\/fr\/wp-json\/wp\/v2\/pages\/2872\/revisions"}],"predecessor-version":[{"id":2876,"href":"https:\/\/www.2squarefilms.com\/fr\/wp-json\/wp\/v2\/pages\/2872\/revisions\/2876"}],"up":[{"embeddable":true,"href":"https:\/\/www.2squarefilms.com\/fr\/wp-json\/wp\/v2\/pages\/143"}],"wp:attachment":[{"href":"https:\/\/www.2squarefilms.com\/fr\/wp-json\/wp\/v2\/media?parent=2872"}],"curies":[{"name":"wp","href":"https:\/\/api.w.org\/{rel}","templated":true}]}}