{"id":2660,"date":"2026-02-10T17:11:55","date_gmt":"2026-02-10T22:11:55","guid":{"rendered":"https:\/\/www.2squarefilms.com\/nos-realisations\/casuals-collection\/"},"modified":"2026-02-18T15:47:36","modified_gmt":"2026-02-18T20:47:36","slug":"collection-decontractee","status":"publish","type":"page","link":"https:\/\/www.2squarefilms.com\/fr\/nos-realisations\/collection-decontractee\/","title":{"rendered":"Collection D\u00e9contract\u00e9e"},"content":{"rendered":"\n<p>Quand l\u2019h\u00e9ritage rencontre le style urbain<\/p>\n\n\n\n<p><\/p>\n\n\n\n<p><\/p>\n","protected":false},"excerpt":{"rendered":"<p>Quand l\u2019h\u00e9ritage rencontre le style urbain<\/p>\n","protected":false},"author":4,"featured_media":0,"parent":143,"menu_order":0,"comment_status":"closed","ping_status":"closed","template":"project_simple.php","meta":{"_acf_changed":false,"footnotes":""},"class_list":["post-2660","page","type-page","status-publish","hentry"],"acf":[],"yoast_head":"<!-- This site is optimized with the Yoast SEO plugin v27.1.1 - https:\/\/yoast.com\/product\/yoast-seo-wordpress\/ -->\n<title>Collection D\u00e9contract\u00e9e - 2 Square Films<\/title>\n<meta name=\"description\" content=\"Campagne de capsules vid\u00e9o produite par 2 Square Films pour Boulet Boots, con\u00e7ue pour les r\u00e9seaux sociaux afin de lancer une collection au style urbain et d\u00e9contract\u00e9.\" \/>\n<meta name=\"robots\" content=\"index, follow, max-snippet:-1, max-image-preview:large, max-video-preview:-1\" \/>\n<link rel=\"canonical\" href=\"https:\/\/www.2squarefilms.com\/fr\/nos-realisations\/collection-decontractee\/\" \/>\n<meta property=\"og:locale\" content=\"fr_FR\" \/>\n<meta property=\"og:type\" content=\"article\" \/>\n<meta property=\"og:title\" content=\"Collection D\u00e9contract\u00e9e - 2 Square Films\" \/>\n<meta property=\"og:description\" content=\"Campagne de capsules vid\u00e9o produite par 2 Square Films pour Boulet Boots, con\u00e7ue pour les r\u00e9seaux sociaux afin de lancer une collection au style urbain et d\u00e9contract\u00e9.\" \/>\n<meta property=\"og:url\" content=\"https:\/\/www.2squarefilms.com\/fr\/nos-realisations\/collection-decontractee\/\" \/>\n<meta property=\"og:site_name\" content=\"2 Square Films\" \/>\n<meta property=\"article:publisher\" content=\"https:\/\/www.facebook.com\/2SquareFilms\" \/>\n<meta property=\"article:modified_time\" content=\"2026-02-18T20:47:36+00:00\" \/>\n<script type=\"application\/ld+json\" class=\"yoast-schema-graph\">{\"@context\":\"https:\/\/schema.org\",\"@graph\":[{\"@type\":\"WebPage\",\"@id\":\"https:\/\/www.2squarefilms.com\/fr\/nos-realisations\/collection-decontractee\/\",\"url\":\"https:\/\/www.2squarefilms.com\/fr\/nos-realisations\/collection-decontractee\/\",\"name\":\"Collection D\u00e9contract\u00e9e - 2 Square Films\",\"isPartOf\":{\"@id\":\"https:\/\/www.2squarefilms.com\/fr\/#website\"},\"datePublished\":\"2026-02-10T22:11:55+00:00\",\"dateModified\":\"2026-02-18T20:47:36+00:00\",\"description\":\"Campagne de capsules vid\u00e9o produite par 2 Square Films pour Boulet Boots, con\u00e7ue pour les r\u00e9seaux sociaux afin de lancer une collection au style urbain et d\u00e9contract\u00e9.\",\"breadcrumb\":{\"@id\":\"https:\/\/www.2squarefilms.com\/fr\/nos-realisations\/collection-decontractee\/#breadcrumb\"},\"inLanguage\":\"fr-FR\",\"potentialAction\":[{\"@type\":\"ReadAction\",\"target\":[\"https:\/\/www.2squarefilms.com\/fr\/nos-realisations\/collection-decontractee\/\"]}]},{\"@type\":\"BreadcrumbList\",\"@id\":\"https:\/\/www.2squarefilms.com\/fr\/nos-realisations\/collection-decontractee\/#breadcrumb\",\"itemListElement\":[{\"@type\":\"ListItem\",\"position\":1,\"name\":\"Home\",\"item\":\"https:\/\/www.2squarefilms.com\/fr\/\"},{\"@type\":\"ListItem\",\"position\":2,\"name\":\"Nos r\u00e9alisations\",\"item\":\"https:\/\/www.2squarefilms.com\/fr\/nos-realisations\/\"},{\"@type\":\"ListItem\",\"position\":3,\"name\":\"Collection D\u00e9contract\u00e9e\"}]},{\"@type\":\"WebSite\",\"@id\":\"https:\/\/www.2squarefilms.com\/fr\/#website\",\"url\":\"https:\/\/www.2squarefilms.com\/fr\/\",\"name\":\"2 Square Films\",\"description\":\"Imagine. Create. Share.\",\"publisher\":{\"@id\":\"https:\/\/www.2squarefilms.com\/fr\/#organization\"},\"alternateName\":\"2SF\",\"potentialAction\":[{\"@type\":\"SearchAction\",\"target\":{\"@type\":\"EntryPoint\",\"urlTemplate\":\"https:\/\/www.2squarefilms.com\/fr\/?s={search_term_string}\"},\"query-input\":{\"@type\":\"PropertyValueSpecification\",\"valueRequired\":true,\"valueName\":\"search_term_string\"}}],\"inLanguage\":\"fr-FR\"},{\"@type\":\"Organization\",\"@id\":\"https:\/\/www.2squarefilms.com\/fr\/#organization\",\"name\":\"2 Square Films\",\"alternateName\":\"2SF\",\"url\":\"https:\/\/www.2squarefilms.com\/fr\/\",\"logo\":{\"@type\":\"ImageObject\",\"inLanguage\":\"fr-FR\",\"@id\":\"https:\/\/www.2squarefilms.com\/fr\/#\/schema\/logo\/image\/\",\"url\":\"https:\/\/www.2squarefilms.com\/wp-content\/uploads\/2025\/06\/2square-logo.png\",\"contentUrl\":\"https:\/\/www.2squarefilms.com\/wp-content\/uploads\/2025\/06\/2square-logo.png\",\"width\":354,\"height\":358,\"caption\":\"2 Square Films\"},\"image\":{\"@id\":\"https:\/\/www.2squarefilms.com\/fr\/#\/schema\/logo\/image\/\"},\"sameAs\":[\"https:\/\/www.facebook.com\/2SquareFilms\",\"https:\/\/www.linkedin.com\/company\/2squarefilms\"]}]}<\/script>\n<!-- \/ Yoast SEO plugin. -->","yoast_head_json":{"title":"Collection D\u00e9contract\u00e9e - 2 Square Films","description":"Campagne de capsules vid\u00e9o produite par 2 Square Films pour Boulet Boots, con\u00e7ue pour les r\u00e9seaux sociaux afin de lancer une collection au style urbain et d\u00e9contract\u00e9.","robots":{"index":"index","follow":"follow","max-snippet":"max-snippet:-1","max-image-preview":"max-image-preview:large","max-video-preview":"max-video-preview:-1"},"canonical":"https:\/\/www.2squarefilms.com\/fr\/nos-realisations\/collection-decontractee\/","og_locale":"fr_FR","og_type":"article","og_title":"Collection D\u00e9contract\u00e9e - 2 Square Films","og_description":"Campagne de capsules vid\u00e9o produite par 2 Square Films pour Boulet Boots, con\u00e7ue pour les r\u00e9seaux sociaux afin de lancer une collection au style urbain et d\u00e9contract\u00e9.","og_url":"https:\/\/www.2squarefilms.com\/fr\/nos-realisations\/collection-decontractee\/","og_site_name":"2 Square Films","article_publisher":"https:\/\/www.facebook.com\/2SquareFilms","article_modified_time":"2026-02-18T20:47:36+00:00","schema":{"@context":"https:\/\/schema.org","@graph":[{"@type":"WebPage","@id":"https:\/\/www.2squarefilms.com\/fr\/nos-realisations\/collection-decontractee\/","url":"https:\/\/www.2squarefilms.com\/fr\/nos-realisations\/collection-decontractee\/","name":"Collection D\u00e9contract\u00e9e - 2 Square Films","isPartOf":{"@id":"https:\/\/www.2squarefilms.com\/fr\/#website"},"datePublished":"2026-02-10T22:11:55+00:00","dateModified":"2026-02-18T20:47:36+00:00","description":"Campagne de capsules vid\u00e9o produite par 2 Square Films pour Boulet Boots, con\u00e7ue pour les r\u00e9seaux sociaux afin de lancer une collection au style urbain et d\u00e9contract\u00e9.","breadcrumb":{"@id":"https:\/\/www.2squarefilms.com\/fr\/nos-realisations\/collection-decontractee\/#breadcrumb"},"inLanguage":"fr-FR","potentialAction":[{"@type":"ReadAction","target":["https:\/\/www.2squarefilms.com\/fr\/nos-realisations\/collection-decontractee\/"]}]},{"@type":"BreadcrumbList","@id":"https:\/\/www.2squarefilms.com\/fr\/nos-realisations\/collection-decontractee\/#breadcrumb","itemListElement":[{"@type":"ListItem","position":1,"name":"Home","item":"https:\/\/www.2squarefilms.com\/fr\/"},{"@type":"ListItem","position":2,"name":"Nos r\u00e9alisations","item":"https:\/\/www.2squarefilms.com\/fr\/nos-realisations\/"},{"@type":"ListItem","position":3,"name":"Collection D\u00e9contract\u00e9e"}]},{"@type":"WebSite","@id":"https:\/\/www.2squarefilms.com\/fr\/#website","url":"https:\/\/www.2squarefilms.com\/fr\/","name":"2 Square Films","description":"Imagine. Create. Share.","publisher":{"@id":"https:\/\/www.2squarefilms.com\/fr\/#organization"},"alternateName":"2SF","potentialAction":[{"@type":"SearchAction","target":{"@type":"EntryPoint","urlTemplate":"https:\/\/www.2squarefilms.com\/fr\/?s={search_term_string}"},"query-input":{"@type":"PropertyValueSpecification","valueRequired":true,"valueName":"search_term_string"}}],"inLanguage":"fr-FR"},{"@type":"Organization","@id":"https:\/\/www.2squarefilms.com\/fr\/#organization","name":"2 Square Films","alternateName":"2SF","url":"https:\/\/www.2squarefilms.com\/fr\/","logo":{"@type":"ImageObject","inLanguage":"fr-FR","@id":"https:\/\/www.2squarefilms.com\/fr\/#\/schema\/logo\/image\/","url":"https:\/\/www.2squarefilms.com\/wp-content\/uploads\/2025\/06\/2square-logo.png","contentUrl":"https:\/\/www.2squarefilms.com\/wp-content\/uploads\/2025\/06\/2square-logo.png","width":354,"height":358,"caption":"2 Square Films"},"image":{"@id":"https:\/\/www.2squarefilms.com\/fr\/#\/schema\/logo\/image\/"},"sameAs":["https:\/\/www.facebook.com\/2SquareFilms","https:\/\/www.linkedin.com\/company\/2squarefilms"]}]}},"_links":{"self":[{"href":"https:\/\/www.2squarefilms.com\/fr\/wp-json\/wp\/v2\/pages\/2660","targetHints":{"allow":["GET"]}}],"collection":[{"href":"https:\/\/www.2squarefilms.com\/fr\/wp-json\/wp\/v2\/pages"}],"about":[{"href":"https:\/\/www.2squarefilms.com\/fr\/wp-json\/wp\/v2\/types\/page"}],"author":[{"embeddable":true,"href":"https:\/\/www.2squarefilms.com\/fr\/wp-json\/wp\/v2\/users\/4"}],"replies":[{"embeddable":true,"href":"https:\/\/www.2squarefilms.com\/fr\/wp-json\/wp\/v2\/comments?post=2660"}],"version-history":[{"count":6,"href":"https:\/\/www.2squarefilms.com\/fr\/wp-json\/wp\/v2\/pages\/2660\/revisions"}],"predecessor-version":[{"id":2704,"href":"https:\/\/www.2squarefilms.com\/fr\/wp-json\/wp\/v2\/pages\/2660\/revisions\/2704"}],"up":[{"embeddable":true,"href":"https:\/\/www.2squarefilms.com\/fr\/wp-json\/wp\/v2\/pages\/143"}],"wp:attachment":[{"href":"https:\/\/www.2squarefilms.com\/fr\/wp-json\/wp\/v2\/media?parent=2660"}],"curies":[{"name":"wp","href":"https:\/\/api.w.org\/{rel}","templated":true}]}}