{"id":2172,"date":"2025-09-04T16:44:44","date_gmt":"2025-09-04T20:44:44","guid":{"rendered":"https:\/\/www.2squarefilms.com\/nos-realisations\/simpler-smaller-smarter-motor-control\/"},"modified":"2025-09-25T09:52:16","modified_gmt":"2025-09-25T13:52:16","slug":"une-nouvelle-generation-de-controle-moteur","status":"publish","type":"page","link":"https:\/\/www.2squarefilms.com\/fr\/nos-realisations\/une-nouvelle-generation-de-controle-moteur\/","title":{"rendered":"Une nouvelle g\u00e9n\u00e9ration de contr\u00f4le moteur"},"content":{"rendered":"\n<p>Transformer un produit de pointe en exp\u00e9rience de marque<\/p>\n\n\n\n<p><\/p>\n\n\n\n<p><\/p>\n","protected":false},"excerpt":{"rendered":"<p>Transformer un produit de pointe en exp\u00e9rience de marque<\/p>\n","protected":false},"author":4,"featured_media":0,"parent":143,"menu_order":0,"comment_status":"closed","ping_status":"closed","template":"project_simple.php","meta":{"_acf_changed":false,"footnotes":""},"class_list":["post-2172","page","type-page","status-publish","hentry"],"acf":[],"yoast_head":"<!-- This site is optimized with the Yoast SEO plugin v27.1.1 - https:\/\/yoast.com\/product\/yoast-seo-wordpress\/ -->\n<title>Une nouvelle g\u00e9n\u00e9ration de contr\u00f4le moteur - 2 Square Films<\/title>\n<meta name=\"description\" content=\"D\u00e9couvrez comment nous avons cr\u00e9\u00e9 une vid\u00e9o CGI \u00e0 partir de fichiers CAD pour transformer le Smart Drive de SmartD en exp\u00e9rience de marque percutante.\" \/>\n<meta name=\"robots\" content=\"index, follow, max-snippet:-1, max-image-preview:large, max-video-preview:-1\" \/>\n<link rel=\"canonical\" href=\"https:\/\/www.2squarefilms.com\/fr\/nos-realisations\/une-nouvelle-generation-de-controle-moteur\/\" \/>\n<meta property=\"og:locale\" content=\"fr_FR\" \/>\n<meta property=\"og:type\" content=\"article\" \/>\n<meta property=\"og:title\" content=\"Une nouvelle g\u00e9n\u00e9ration de contr\u00f4le moteur - 2 Square Films\" \/>\n<meta property=\"og:description\" content=\"D\u00e9couvrez comment nous avons cr\u00e9\u00e9 une vid\u00e9o CGI \u00e0 partir de fichiers CAD pour transformer le Smart Drive de SmartD en exp\u00e9rience de marque percutante.\" \/>\n<meta property=\"og:url\" content=\"https:\/\/www.2squarefilms.com\/fr\/nos-realisations\/une-nouvelle-generation-de-controle-moteur\/\" \/>\n<meta property=\"og:site_name\" content=\"2 Square Films\" \/>\n<meta property=\"article:publisher\" content=\"https:\/\/www.facebook.com\/2SquareFilms\" \/>\n<meta property=\"article:modified_time\" content=\"2025-09-25T13:52:16+00:00\" \/>\n<script type=\"application\/ld+json\" class=\"yoast-schema-graph\">{\"@context\":\"https:\/\/schema.org\",\"@graph\":[{\"@type\":\"WebPage\",\"@id\":\"https:\/\/www.2squarefilms.com\/fr\/nos-realisations\/une-nouvelle-generation-de-controle-moteur\/\",\"url\":\"https:\/\/www.2squarefilms.com\/fr\/nos-realisations\/une-nouvelle-generation-de-controle-moteur\/\",\"name\":\"Une nouvelle g\u00e9n\u00e9ration de contr\u00f4le moteur - 2 Square Films\",\"isPartOf\":{\"@id\":\"https:\/\/www.2squarefilms.com\/fr\/#website\"},\"datePublished\":\"2025-09-04T20:44:44+00:00\",\"dateModified\":\"2025-09-25T13:52:16+00:00\",\"description\":\"D\u00e9couvrez comment nous avons cr\u00e9\u00e9 une vid\u00e9o CGI \u00e0 partir de fichiers CAD pour transformer le Smart Drive de SmartD en exp\u00e9rience de marque percutante.\",\"breadcrumb\":{\"@id\":\"https:\/\/www.2squarefilms.com\/fr\/nos-realisations\/une-nouvelle-generation-de-controle-moteur\/#breadcrumb\"},\"inLanguage\":\"fr-FR\",\"potentialAction\":[{\"@type\":\"ReadAction\",\"target\":[\"https:\/\/www.2squarefilms.com\/fr\/nos-realisations\/une-nouvelle-generation-de-controle-moteur\/\"]}]},{\"@type\":\"BreadcrumbList\",\"@id\":\"https:\/\/www.2squarefilms.com\/fr\/nos-realisations\/une-nouvelle-generation-de-controle-moteur\/#breadcrumb\",\"itemListElement\":[{\"@type\":\"ListItem\",\"position\":1,\"name\":\"Home\",\"item\":\"https:\/\/www.2squarefilms.com\/fr\/\"},{\"@type\":\"ListItem\",\"position\":2,\"name\":\"Nos r\u00e9alisations\",\"item\":\"https:\/\/www.2squarefilms.com\/fr\/nos-realisations\/\"},{\"@type\":\"ListItem\",\"position\":3,\"name\":\"Une nouvelle g\u00e9n\u00e9ration de contr\u00f4le moteur\"}]},{\"@type\":\"WebSite\",\"@id\":\"https:\/\/www.2squarefilms.com\/fr\/#website\",\"url\":\"https:\/\/www.2squarefilms.com\/fr\/\",\"name\":\"2 Square Films\",\"description\":\"Imagine. Create. Share.\",\"publisher\":{\"@id\":\"https:\/\/www.2squarefilms.com\/fr\/#organization\"},\"alternateName\":\"2SF\",\"potentialAction\":[{\"@type\":\"SearchAction\",\"target\":{\"@type\":\"EntryPoint\",\"urlTemplate\":\"https:\/\/www.2squarefilms.com\/fr\/?s={search_term_string}\"},\"query-input\":{\"@type\":\"PropertyValueSpecification\",\"valueRequired\":true,\"valueName\":\"search_term_string\"}}],\"inLanguage\":\"fr-FR\"},{\"@type\":\"Organization\",\"@id\":\"https:\/\/www.2squarefilms.com\/fr\/#organization\",\"name\":\"2 Square Films\",\"alternateName\":\"2SF\",\"url\":\"https:\/\/www.2squarefilms.com\/fr\/\",\"logo\":{\"@type\":\"ImageObject\",\"inLanguage\":\"fr-FR\",\"@id\":\"https:\/\/www.2squarefilms.com\/fr\/#\/schema\/logo\/image\/\",\"url\":\"https:\/\/www.2squarefilms.com\/wp-content\/uploads\/2025\/06\/2square-logo.png\",\"contentUrl\":\"https:\/\/www.2squarefilms.com\/wp-content\/uploads\/2025\/06\/2square-logo.png\",\"width\":354,\"height\":358,\"caption\":\"2 Square Films\"},\"image\":{\"@id\":\"https:\/\/www.2squarefilms.com\/fr\/#\/schema\/logo\/image\/\"},\"sameAs\":[\"https:\/\/www.facebook.com\/2SquareFilms\",\"https:\/\/www.linkedin.com\/company\/2squarefilms\"]}]}<\/script>\n<!-- \/ Yoast SEO plugin. -->","yoast_head_json":{"title":"Une nouvelle g\u00e9n\u00e9ration de contr\u00f4le moteur - 2 Square Films","description":"D\u00e9couvrez comment nous avons cr\u00e9\u00e9 une vid\u00e9o CGI \u00e0 partir de fichiers CAD pour transformer le Smart Drive de SmartD en exp\u00e9rience de marque percutante.","robots":{"index":"index","follow":"follow","max-snippet":"max-snippet:-1","max-image-preview":"max-image-preview:large","max-video-preview":"max-video-preview:-1"},"canonical":"https:\/\/www.2squarefilms.com\/fr\/nos-realisations\/une-nouvelle-generation-de-controle-moteur\/","og_locale":"fr_FR","og_type":"article","og_title":"Une nouvelle g\u00e9n\u00e9ration de contr\u00f4le moteur - 2 Square Films","og_description":"D\u00e9couvrez comment nous avons cr\u00e9\u00e9 une vid\u00e9o CGI \u00e0 partir de fichiers CAD pour transformer le Smart Drive de SmartD en exp\u00e9rience de marque percutante.","og_url":"https:\/\/www.2squarefilms.com\/fr\/nos-realisations\/une-nouvelle-generation-de-controle-moteur\/","og_site_name":"2 Square Films","article_publisher":"https:\/\/www.facebook.com\/2SquareFilms","article_modified_time":"2025-09-25T13:52:16+00:00","schema":{"@context":"https:\/\/schema.org","@graph":[{"@type":"WebPage","@id":"https:\/\/www.2squarefilms.com\/fr\/nos-realisations\/une-nouvelle-generation-de-controle-moteur\/","url":"https:\/\/www.2squarefilms.com\/fr\/nos-realisations\/une-nouvelle-generation-de-controle-moteur\/","name":"Une nouvelle g\u00e9n\u00e9ration de contr\u00f4le moteur - 2 Square Films","isPartOf":{"@id":"https:\/\/www.2squarefilms.com\/fr\/#website"},"datePublished":"2025-09-04T20:44:44+00:00","dateModified":"2025-09-25T13:52:16+00:00","description":"D\u00e9couvrez comment nous avons cr\u00e9\u00e9 une vid\u00e9o CGI \u00e0 partir de fichiers CAD pour transformer le Smart Drive de SmartD en exp\u00e9rience de marque percutante.","breadcrumb":{"@id":"https:\/\/www.2squarefilms.com\/fr\/nos-realisations\/une-nouvelle-generation-de-controle-moteur\/#breadcrumb"},"inLanguage":"fr-FR","potentialAction":[{"@type":"ReadAction","target":["https:\/\/www.2squarefilms.com\/fr\/nos-realisations\/une-nouvelle-generation-de-controle-moteur\/"]}]},{"@type":"BreadcrumbList","@id":"https:\/\/www.2squarefilms.com\/fr\/nos-realisations\/une-nouvelle-generation-de-controle-moteur\/#breadcrumb","itemListElement":[{"@type":"ListItem","position":1,"name":"Home","item":"https:\/\/www.2squarefilms.com\/fr\/"},{"@type":"ListItem","position":2,"name":"Nos r\u00e9alisations","item":"https:\/\/www.2squarefilms.com\/fr\/nos-realisations\/"},{"@type":"ListItem","position":3,"name":"Une nouvelle g\u00e9n\u00e9ration de contr\u00f4le moteur"}]},{"@type":"WebSite","@id":"https:\/\/www.2squarefilms.com\/fr\/#website","url":"https:\/\/www.2squarefilms.com\/fr\/","name":"2 Square Films","description":"Imagine. Create. Share.","publisher":{"@id":"https:\/\/www.2squarefilms.com\/fr\/#organization"},"alternateName":"2SF","potentialAction":[{"@type":"SearchAction","target":{"@type":"EntryPoint","urlTemplate":"https:\/\/www.2squarefilms.com\/fr\/?s={search_term_string}"},"query-input":{"@type":"PropertyValueSpecification","valueRequired":true,"valueName":"search_term_string"}}],"inLanguage":"fr-FR"},{"@type":"Organization","@id":"https:\/\/www.2squarefilms.com\/fr\/#organization","name":"2 Square Films","alternateName":"2SF","url":"https:\/\/www.2squarefilms.com\/fr\/","logo":{"@type":"ImageObject","inLanguage":"fr-FR","@id":"https:\/\/www.2squarefilms.com\/fr\/#\/schema\/logo\/image\/","url":"https:\/\/www.2squarefilms.com\/wp-content\/uploads\/2025\/06\/2square-logo.png","contentUrl":"https:\/\/www.2squarefilms.com\/wp-content\/uploads\/2025\/06\/2square-logo.png","width":354,"height":358,"caption":"2 Square Films"},"image":{"@id":"https:\/\/www.2squarefilms.com\/fr\/#\/schema\/logo\/image\/"},"sameAs":["https:\/\/www.facebook.com\/2SquareFilms","https:\/\/www.linkedin.com\/company\/2squarefilms"]}]}},"_links":{"self":[{"href":"https:\/\/www.2squarefilms.com\/fr\/wp-json\/wp\/v2\/pages\/2172","targetHints":{"allow":["GET"]}}],"collection":[{"href":"https:\/\/www.2squarefilms.com\/fr\/wp-json\/wp\/v2\/pages"}],"about":[{"href":"https:\/\/www.2squarefilms.com\/fr\/wp-json\/wp\/v2\/types\/page"}],"author":[{"embeddable":true,"href":"https:\/\/www.2squarefilms.com\/fr\/wp-json\/wp\/v2\/users\/4"}],"replies":[{"embeddable":true,"href":"https:\/\/www.2squarefilms.com\/fr\/wp-json\/wp\/v2\/comments?post=2172"}],"version-history":[{"count":5,"href":"https:\/\/www.2squarefilms.com\/fr\/wp-json\/wp\/v2\/pages\/2172\/revisions"}],"predecessor-version":[{"id":2203,"href":"https:\/\/www.2squarefilms.com\/fr\/wp-json\/wp\/v2\/pages\/2172\/revisions\/2203"}],"up":[{"embeddable":true,"href":"https:\/\/www.2squarefilms.com\/fr\/wp-json\/wp\/v2\/pages\/143"}],"wp:attachment":[{"href":"https:\/\/www.2squarefilms.com\/fr\/wp-json\/wp\/v2\/media?parent=2172"}],"curies":[{"name":"wp","href":"https:\/\/api.w.org\/{rel}","templated":true}]}}