{"id":1606,"date":"2025-06-16T16:25:31","date_gmt":"2025-06-16T20:25:31","guid":{"rendered":"https:\/\/2squarefilms.mahlea.ca\/services\/"},"modified":"2026-04-27T14:48:25","modified_gmt":"2026-04-27T18:48:25","slug":"services","status":"publish","type":"page","link":"https:\/\/www.2squarefilms.com\/fr\/services\/","title":{"rendered":"Services"},"content":{"rendered":"\n<p>Nos services r\u00e9unissent strat\u00e9gie cr\u00e9ative, production vid\u00e9o haut de gamme et diffusion cibl\u00e9e \u2014 sous un m\u00eame toit. Nous transformons les id\u00e9es en vid\u00e9os percutantes, pens\u00e9es pour captiver et atteindre leur public.<\/p>\n\n\n\n<p><\/p>\n","protected":false},"excerpt":{"rendered":"<p>Nos services r\u00e9unissent strat\u00e9gie cr\u00e9ative, production vid\u00e9o haut de gamme et diffusion cibl\u00e9e \u2014 sous un m\u00eame toit. Nous transformons les id\u00e9es en vid\u00e9os percutantes, pens\u00e9es pour captiver et atteindre leur public.<\/p>\n","protected":false},"author":1,"featured_media":0,"parent":0,"menu_order":1,"comment_status":"closed","ping_status":"closed","template":"services.php","meta":{"_acf_changed":false,"footnotes":""},"class_list":["post-1606","page","type-page","status-publish","hentry"],"acf":[],"yoast_head":"<!-- This site is optimized with the Yoast SEO plugin v27.1.1 - https:\/\/yoast.com\/product\/yoast-seo-wordpress\/ -->\n<title>Services - 2 Square Films<\/title>\n<meta name=\"description\" content=\"2 Square Films offre des services int\u00e9gr\u00e9s de production vid\u00e9o cr\u00e9ative, de l\u2019id\u00e9ation \u00e0 la production cl\u00e9 en main et \u00e0 la strat\u00e9gie de diffusion num\u00e9rique.\" \/>\n<meta name=\"robots\" content=\"index, follow, max-snippet:-1, max-image-preview:large, max-video-preview:-1\" \/>\n<link rel=\"canonical\" href=\"https:\/\/www.2squarefilms.com\/fr\/services\/\" \/>\n<meta property=\"og:locale\" content=\"fr_FR\" \/>\n<meta property=\"og:type\" content=\"article\" \/>\n<meta property=\"og:title\" content=\"Services - 2 Square Films\" \/>\n<meta property=\"og:description\" content=\"2 Square Films offre des services int\u00e9gr\u00e9s de production vid\u00e9o cr\u00e9ative, de l\u2019id\u00e9ation \u00e0 la production cl\u00e9 en main et \u00e0 la strat\u00e9gie de diffusion num\u00e9rique.\" \/>\n<meta property=\"og:url\" content=\"https:\/\/www.2squarefilms.com\/fr\/services\/\" \/>\n<meta property=\"og:site_name\" content=\"2 Square Films\" \/>\n<meta property=\"article:publisher\" content=\"https:\/\/www.facebook.com\/2SquareFilms\" \/>\n<meta property=\"article:modified_time\" content=\"2026-04-27T18:48:25+00:00\" \/>\n<script type=\"application\/ld+json\" class=\"yoast-schema-graph\">{\"@context\":\"https:\/\/schema.org\",\"@graph\":[{\"@type\":\"WebPage\",\"@id\":\"https:\/\/www.2squarefilms.com\/fr\/services\/\",\"url\":\"https:\/\/www.2squarefilms.com\/fr\/services\/\",\"name\":\"Services - 2 Square Films\",\"isPartOf\":{\"@id\":\"https:\/\/www.2squarefilms.com\/fr\/#website\"},\"datePublished\":\"2025-06-16T20:25:31+00:00\",\"dateModified\":\"2026-04-27T18:48:25+00:00\",\"description\":\"2 Square Films offre des services int\u00e9gr\u00e9s de production vid\u00e9o cr\u00e9ative, de l\u2019id\u00e9ation \u00e0 la production cl\u00e9 en main et \u00e0 la strat\u00e9gie de diffusion num\u00e9rique.\",\"breadcrumb\":{\"@id\":\"https:\/\/www.2squarefilms.com\/fr\/services\/#breadcrumb\"},\"inLanguage\":\"fr-FR\",\"potentialAction\":[{\"@type\":\"ReadAction\",\"target\":[\"https:\/\/www.2squarefilms.com\/fr\/services\/\"]}]},{\"@type\":\"BreadcrumbList\",\"@id\":\"https:\/\/www.2squarefilms.com\/fr\/services\/#breadcrumb\",\"itemListElement\":[{\"@type\":\"ListItem\",\"position\":1,\"name\":\"Home\",\"item\":\"https:\/\/www.2squarefilms.com\/fr\/\"},{\"@type\":\"ListItem\",\"position\":2,\"name\":\"Services\"}]},{\"@type\":\"WebSite\",\"@id\":\"https:\/\/www.2squarefilms.com\/fr\/#website\",\"url\":\"https:\/\/www.2squarefilms.com\/fr\/\",\"name\":\"2 Square Films\",\"description\":\"Imagine. Create. Share.\",\"publisher\":{\"@id\":\"https:\/\/www.2squarefilms.com\/fr\/#organization\"},\"alternateName\":\"2SF\",\"potentialAction\":[{\"@type\":\"SearchAction\",\"target\":{\"@type\":\"EntryPoint\",\"urlTemplate\":\"https:\/\/www.2squarefilms.com\/fr\/?s={search_term_string}\"},\"query-input\":{\"@type\":\"PropertyValueSpecification\",\"valueRequired\":true,\"valueName\":\"search_term_string\"}}],\"inLanguage\":\"fr-FR\"},{\"@type\":\"Organization\",\"@id\":\"https:\/\/www.2squarefilms.com\/fr\/#organization\",\"name\":\"2 Square Films\",\"alternateName\":\"2SF\",\"url\":\"https:\/\/www.2squarefilms.com\/fr\/\",\"logo\":{\"@type\":\"ImageObject\",\"inLanguage\":\"fr-FR\",\"@id\":\"https:\/\/www.2squarefilms.com\/fr\/#\/schema\/logo\/image\/\",\"url\":\"https:\/\/www.2squarefilms.com\/wp-content\/uploads\/2025\/06\/2square-logo.png\",\"contentUrl\":\"https:\/\/www.2squarefilms.com\/wp-content\/uploads\/2025\/06\/2square-logo.png\",\"width\":354,\"height\":358,\"caption\":\"2 Square Films\"},\"image\":{\"@id\":\"https:\/\/www.2squarefilms.com\/fr\/#\/schema\/logo\/image\/\"},\"sameAs\":[\"https:\/\/www.facebook.com\/2SquareFilms\",\"https:\/\/www.linkedin.com\/company\/2squarefilms\"]}]}<\/script>\n<!-- \/ Yoast SEO plugin. -->","yoast_head_json":{"title":"Services - 2 Square Films","description":"2 Square Films offre des services int\u00e9gr\u00e9s de production vid\u00e9o cr\u00e9ative, de l\u2019id\u00e9ation \u00e0 la production cl\u00e9 en main et \u00e0 la strat\u00e9gie de diffusion num\u00e9rique.","robots":{"index":"index","follow":"follow","max-snippet":"max-snippet:-1","max-image-preview":"max-image-preview:large","max-video-preview":"max-video-preview:-1"},"canonical":"https:\/\/www.2squarefilms.com\/fr\/services\/","og_locale":"fr_FR","og_type":"article","og_title":"Services - 2 Square Films","og_description":"2 Square Films offre des services int\u00e9gr\u00e9s de production vid\u00e9o cr\u00e9ative, de l\u2019id\u00e9ation \u00e0 la production cl\u00e9 en main et \u00e0 la strat\u00e9gie de diffusion num\u00e9rique.","og_url":"https:\/\/www.2squarefilms.com\/fr\/services\/","og_site_name":"2 Square Films","article_publisher":"https:\/\/www.facebook.com\/2SquareFilms","article_modified_time":"2026-04-27T18:48:25+00:00","schema":{"@context":"https:\/\/schema.org","@graph":[{"@type":"WebPage","@id":"https:\/\/www.2squarefilms.com\/fr\/services\/","url":"https:\/\/www.2squarefilms.com\/fr\/services\/","name":"Services - 2 Square Films","isPartOf":{"@id":"https:\/\/www.2squarefilms.com\/fr\/#website"},"datePublished":"2025-06-16T20:25:31+00:00","dateModified":"2026-04-27T18:48:25+00:00","description":"2 Square Films offre des services int\u00e9gr\u00e9s de production vid\u00e9o cr\u00e9ative, de l\u2019id\u00e9ation \u00e0 la production cl\u00e9 en main et \u00e0 la strat\u00e9gie de diffusion num\u00e9rique.","breadcrumb":{"@id":"https:\/\/www.2squarefilms.com\/fr\/services\/#breadcrumb"},"inLanguage":"fr-FR","potentialAction":[{"@type":"ReadAction","target":["https:\/\/www.2squarefilms.com\/fr\/services\/"]}]},{"@type":"BreadcrumbList","@id":"https:\/\/www.2squarefilms.com\/fr\/services\/#breadcrumb","itemListElement":[{"@type":"ListItem","position":1,"name":"Home","item":"https:\/\/www.2squarefilms.com\/fr\/"},{"@type":"ListItem","position":2,"name":"Services"}]},{"@type":"WebSite","@id":"https:\/\/www.2squarefilms.com\/fr\/#website","url":"https:\/\/www.2squarefilms.com\/fr\/","name":"2 Square Films","description":"Imagine. Create. Share.","publisher":{"@id":"https:\/\/www.2squarefilms.com\/fr\/#organization"},"alternateName":"2SF","potentialAction":[{"@type":"SearchAction","target":{"@type":"EntryPoint","urlTemplate":"https:\/\/www.2squarefilms.com\/fr\/?s={search_term_string}"},"query-input":{"@type":"PropertyValueSpecification","valueRequired":true,"valueName":"search_term_string"}}],"inLanguage":"fr-FR"},{"@type":"Organization","@id":"https:\/\/www.2squarefilms.com\/fr\/#organization","name":"2 Square Films","alternateName":"2SF","url":"https:\/\/www.2squarefilms.com\/fr\/","logo":{"@type":"ImageObject","inLanguage":"fr-FR","@id":"https:\/\/www.2squarefilms.com\/fr\/#\/schema\/logo\/image\/","url":"https:\/\/www.2squarefilms.com\/wp-content\/uploads\/2025\/06\/2square-logo.png","contentUrl":"https:\/\/www.2squarefilms.com\/wp-content\/uploads\/2025\/06\/2square-logo.png","width":354,"height":358,"caption":"2 Square Films"},"image":{"@id":"https:\/\/www.2squarefilms.com\/fr\/#\/schema\/logo\/image\/"},"sameAs":["https:\/\/www.facebook.com\/2SquareFilms","https:\/\/www.linkedin.com\/company\/2squarefilms"]}]}},"_links":{"self":[{"href":"https:\/\/www.2squarefilms.com\/fr\/wp-json\/wp\/v2\/pages\/1606","targetHints":{"allow":["GET"]}}],"collection":[{"href":"https:\/\/www.2squarefilms.com\/fr\/wp-json\/wp\/v2\/pages"}],"about":[{"href":"https:\/\/www.2squarefilms.com\/fr\/wp-json\/wp\/v2\/types\/page"}],"author":[{"embeddable":true,"href":"https:\/\/www.2squarefilms.com\/fr\/wp-json\/wp\/v2\/users\/1"}],"replies":[{"embeddable":true,"href":"https:\/\/www.2squarefilms.com\/fr\/wp-json\/wp\/v2\/comments?post=1606"}],"version-history":[{"count":17,"href":"https:\/\/www.2squarefilms.com\/fr\/wp-json\/wp\/v2\/pages\/1606\/revisions"}],"predecessor-version":[{"id":2880,"href":"https:\/\/www.2squarefilms.com\/fr\/wp-json\/wp\/v2\/pages\/1606\/revisions\/2880"}],"wp:attachment":[{"href":"https:\/\/www.2squarefilms.com\/fr\/wp-json\/wp\/v2\/media?parent=1606"}],"curies":[{"name":"wp","href":"https:\/\/api.w.org\/{rel}","templated":true}]}}