{"id":143,"date":"2025-02-03T20:59:15","date_gmt":"2025-02-04T01:59:15","guid":{"rendered":"http:\/\/2squarefilms.mahlea.ca\/our-works\/"},"modified":"2025-06-18T20:34:05","modified_gmt":"2025-06-19T00:34:05","slug":"nos-realisations","status":"publish","type":"page","link":"https:\/\/www.2squarefilms.com\/fr\/nos-realisations\/","title":{"rendered":"Nos r\u00e9alisations"},"content":{"rendered":"\n<p><strong>Utilisez les menus d\u00e9roulants pour d\u00e9couvrir des projets en lien direct avec ce que vous avez en t\u00eate.<\/strong><br>Vous pouvez pr\u00e9ciser l\u2019<strong>industrie <\/strong>dans laquelle vous \u00e9voluez et\/ou le <strong>type de vid\u00e9o<\/strong> que vous recherchez.<br>Et si vous ne s\u00e9lectionnez rien ? Aucun souci : <strong>tous nos projets s\u2019afficheront<\/strong> pour vous inspirer librement.<\/p>\n\n\n\n<p><\/p>\n\n\n\n<p><\/p>\n","protected":false},"excerpt":{"rendered":"<p>Utilisez les menus d\u00e9roulants pour d\u00e9couvrir des projets en lien direct avec ce que vous avez en t\u00eate.Vous pouvez pr\u00e9ciser l\u2019industrie dans laquelle vous \u00e9voluez et\/ou le type de vid\u00e9o que vous recherchez.Et si vous ne s\u00e9lectionnez rien ? Aucun souci : tous nos projets s\u2019afficheront pour vous inspirer librement.<\/p>\n","protected":false},"author":1,"featured_media":0,"parent":0,"menu_order":2,"comment_status":"closed","ping_status":"closed","template":"projects.php","meta":{"_acf_changed":false,"footnotes":""},"class_list":["post-143","page","type-page","status-publish","hentry"],"acf":[],"yoast_head":"<!-- This site is optimized with the Yoast SEO plugin v27.1.1 - https:\/\/yoast.com\/product\/yoast-seo-wordpress\/ -->\n<title>Nos r\u00e9alisations - 2 Square Films<\/title>\n<meta name=\"robots\" content=\"index, follow, max-snippet:-1, max-image-preview:large, max-video-preview:-1\" \/>\n<link rel=\"canonical\" href=\"https:\/\/www.2squarefilms.com\/fr\/nos-realisations\/\" \/>\n<meta property=\"og:locale\" content=\"fr_FR\" \/>\n<meta property=\"og:type\" content=\"article\" \/>\n<meta property=\"og:title\" content=\"Nos r\u00e9alisations - 2 Square Films\" \/>\n<meta property=\"og:description\" content=\"Utilisez les menus d\u00e9roulants pour d\u00e9couvrir des projets en lien direct avec ce que vous avez en t\u00eate.Vous pouvez pr\u00e9ciser l\u2019industrie dans laquelle vous \u00e9voluez et\/ou le type de vid\u00e9o que vous recherchez.Et si vous ne s\u00e9lectionnez rien ? Aucun souci : tous nos projets s\u2019afficheront pour vous inspirer librement.\" \/>\n<meta property=\"og:url\" content=\"https:\/\/www.2squarefilms.com\/fr\/nos-realisations\/\" \/>\n<meta property=\"og:site_name\" content=\"2 Square Films\" \/>\n<meta property=\"article:publisher\" content=\"https:\/\/www.facebook.com\/2SquareFilms\" \/>\n<meta property=\"article:modified_time\" content=\"2025-06-19T00:34:05+00:00\" \/>\n<script type=\"application\/ld+json\" class=\"yoast-schema-graph\">{\"@context\":\"https:\/\/schema.org\",\"@graph\":[{\"@type\":\"WebPage\",\"@id\":\"https:\/\/www.2squarefilms.com\/fr\/nos-realisations\/\",\"url\":\"https:\/\/www.2squarefilms.com\/fr\/nos-realisations\/\",\"name\":\"Nos r\u00e9alisations - 2 Square Films\",\"isPartOf\":{\"@id\":\"https:\/\/www.2squarefilms.com\/fr\/#website\"},\"datePublished\":\"2025-02-04T01:59:15+00:00\",\"dateModified\":\"2025-06-19T00:34:05+00:00\",\"breadcrumb\":{\"@id\":\"https:\/\/www.2squarefilms.com\/fr\/nos-realisations\/#breadcrumb\"},\"inLanguage\":\"fr-FR\",\"potentialAction\":[{\"@type\":\"ReadAction\",\"target\":[\"https:\/\/www.2squarefilms.com\/fr\/nos-realisations\/\"]}]},{\"@type\":\"BreadcrumbList\",\"@id\":\"https:\/\/www.2squarefilms.com\/fr\/nos-realisations\/#breadcrumb\",\"itemListElement\":[{\"@type\":\"ListItem\",\"position\":1,\"name\":\"Home\",\"item\":\"https:\/\/www.2squarefilms.com\/fr\/\"},{\"@type\":\"ListItem\",\"position\":2,\"name\":\"Nos r\u00e9alisations\"}]},{\"@type\":\"WebSite\",\"@id\":\"https:\/\/www.2squarefilms.com\/fr\/#website\",\"url\":\"https:\/\/www.2squarefilms.com\/fr\/\",\"name\":\"2 Square Films\",\"description\":\"Imagine. Create. Share.\",\"publisher\":{\"@id\":\"https:\/\/www.2squarefilms.com\/fr\/#organization\"},\"alternateName\":\"2SF\",\"potentialAction\":[{\"@type\":\"SearchAction\",\"target\":{\"@type\":\"EntryPoint\",\"urlTemplate\":\"https:\/\/www.2squarefilms.com\/fr\/?s={search_term_string}\"},\"query-input\":{\"@type\":\"PropertyValueSpecification\",\"valueRequired\":true,\"valueName\":\"search_term_string\"}}],\"inLanguage\":\"fr-FR\"},{\"@type\":\"Organization\",\"@id\":\"https:\/\/www.2squarefilms.com\/fr\/#organization\",\"name\":\"2 Square Films\",\"alternateName\":\"2SF\",\"url\":\"https:\/\/www.2squarefilms.com\/fr\/\",\"logo\":{\"@type\":\"ImageObject\",\"inLanguage\":\"fr-FR\",\"@id\":\"https:\/\/www.2squarefilms.com\/fr\/#\/schema\/logo\/image\/\",\"url\":\"https:\/\/www.2squarefilms.com\/wp-content\/uploads\/2025\/06\/2square-logo.png\",\"contentUrl\":\"https:\/\/www.2squarefilms.com\/wp-content\/uploads\/2025\/06\/2square-logo.png\",\"width\":354,\"height\":358,\"caption\":\"2 Square Films\"},\"image\":{\"@id\":\"https:\/\/www.2squarefilms.com\/fr\/#\/schema\/logo\/image\/\"},\"sameAs\":[\"https:\/\/www.facebook.com\/2SquareFilms\",\"https:\/\/www.linkedin.com\/company\/2squarefilms\"]}]}<\/script>\n<!-- \/ Yoast SEO plugin. -->","yoast_head_json":{"title":"Nos r\u00e9alisations - 2 Square Films","robots":{"index":"index","follow":"follow","max-snippet":"max-snippet:-1","max-image-preview":"max-image-preview:large","max-video-preview":"max-video-preview:-1"},"canonical":"https:\/\/www.2squarefilms.com\/fr\/nos-realisations\/","og_locale":"fr_FR","og_type":"article","og_title":"Nos r\u00e9alisations - 2 Square Films","og_description":"Utilisez les menus d\u00e9roulants pour d\u00e9couvrir des projets en lien direct avec ce que vous avez en t\u00eate.Vous pouvez pr\u00e9ciser l\u2019industrie dans laquelle vous \u00e9voluez et\/ou le type de vid\u00e9o que vous recherchez.Et si vous ne s\u00e9lectionnez rien ? Aucun souci : tous nos projets s\u2019afficheront pour vous inspirer librement.","og_url":"https:\/\/www.2squarefilms.com\/fr\/nos-realisations\/","og_site_name":"2 Square Films","article_publisher":"https:\/\/www.facebook.com\/2SquareFilms","article_modified_time":"2025-06-19T00:34:05+00:00","schema":{"@context":"https:\/\/schema.org","@graph":[{"@type":"WebPage","@id":"https:\/\/www.2squarefilms.com\/fr\/nos-realisations\/","url":"https:\/\/www.2squarefilms.com\/fr\/nos-realisations\/","name":"Nos r\u00e9alisations - 2 Square Films","isPartOf":{"@id":"https:\/\/www.2squarefilms.com\/fr\/#website"},"datePublished":"2025-02-04T01:59:15+00:00","dateModified":"2025-06-19T00:34:05+00:00","breadcrumb":{"@id":"https:\/\/www.2squarefilms.com\/fr\/nos-realisations\/#breadcrumb"},"inLanguage":"fr-FR","potentialAction":[{"@type":"ReadAction","target":["https:\/\/www.2squarefilms.com\/fr\/nos-realisations\/"]}]},{"@type":"BreadcrumbList","@id":"https:\/\/www.2squarefilms.com\/fr\/nos-realisations\/#breadcrumb","itemListElement":[{"@type":"ListItem","position":1,"name":"Home","item":"https:\/\/www.2squarefilms.com\/fr\/"},{"@type":"ListItem","position":2,"name":"Nos r\u00e9alisations"}]},{"@type":"WebSite","@id":"https:\/\/www.2squarefilms.com\/fr\/#website","url":"https:\/\/www.2squarefilms.com\/fr\/","name":"2 Square Films","description":"Imagine. Create. Share.","publisher":{"@id":"https:\/\/www.2squarefilms.com\/fr\/#organization"},"alternateName":"2SF","potentialAction":[{"@type":"SearchAction","target":{"@type":"EntryPoint","urlTemplate":"https:\/\/www.2squarefilms.com\/fr\/?s={search_term_string}"},"query-input":{"@type":"PropertyValueSpecification","valueRequired":true,"valueName":"search_term_string"}}],"inLanguage":"fr-FR"},{"@type":"Organization","@id":"https:\/\/www.2squarefilms.com\/fr\/#organization","name":"2 Square Films","alternateName":"2SF","url":"https:\/\/www.2squarefilms.com\/fr\/","logo":{"@type":"ImageObject","inLanguage":"fr-FR","@id":"https:\/\/www.2squarefilms.com\/fr\/#\/schema\/logo\/image\/","url":"https:\/\/www.2squarefilms.com\/wp-content\/uploads\/2025\/06\/2square-logo.png","contentUrl":"https:\/\/www.2squarefilms.com\/wp-content\/uploads\/2025\/06\/2square-logo.png","width":354,"height":358,"caption":"2 Square Films"},"image":{"@id":"https:\/\/www.2squarefilms.com\/fr\/#\/schema\/logo\/image\/"},"sameAs":["https:\/\/www.facebook.com\/2SquareFilms","https:\/\/www.linkedin.com\/company\/2squarefilms"]}]}},"_links":{"self":[{"href":"https:\/\/www.2squarefilms.com\/fr\/wp-json\/wp\/v2\/pages\/143","targetHints":{"allow":["GET"]}}],"collection":[{"href":"https:\/\/www.2squarefilms.com\/fr\/wp-json\/wp\/v2\/pages"}],"about":[{"href":"https:\/\/www.2squarefilms.com\/fr\/wp-json\/wp\/v2\/types\/page"}],"author":[{"embeddable":true,"href":"https:\/\/www.2squarefilms.com\/fr\/wp-json\/wp\/v2\/users\/1"}],"replies":[{"embeddable":true,"href":"https:\/\/www.2squarefilms.com\/fr\/wp-json\/wp\/v2\/comments?post=143"}],"version-history":[{"count":3,"href":"https:\/\/www.2squarefilms.com\/fr\/wp-json\/wp\/v2\/pages\/143\/revisions"}],"predecessor-version":[{"id":1762,"href":"https:\/\/www.2squarefilms.com\/fr\/wp-json\/wp\/v2\/pages\/143\/revisions\/1762"}],"wp:attachment":[{"href":"https:\/\/www.2squarefilms.com\/fr\/wp-json\/wp\/v2\/media?parent=143"}],"curies":[{"name":"wp","href":"https:\/\/api.w.org\/{rel}","templated":true}]}}