{"id":1269,"date":"2025-05-28T16:21:52","date_gmt":"2025-05-28T20:21:52","guid":{"rendered":"https:\/\/2squarefilms.mahlea.ca\/nos-realisations\/strategies-to-restore-communication-bridges-marie-helene\/"},"modified":"2026-03-19T10:12:58","modified_gmt":"2026-03-19T14:12:58","slug":"strategies-pour-retablir-les-ponts-de-communication","status":"publish","type":"page","link":"https:\/\/www.2squarefilms.com\/fr\/nos-realisations\/strategies-pour-retablir-les-ponts-de-communication\/","title":{"rendered":"Strat\u00e9gies pour r\u00e9tablir les ponts de communication \u00a0"},"content":{"rendered":"\n<p>Accompagner les municipalit\u00e9s vers une meilleure gestion des conflits.<\/p>\n\n\n\n<p><\/p>\n\n\n\n<p><\/p>\n","protected":false},"excerpt":{"rendered":"<p>Accompagner les municipalit\u00e9s vers une meilleure gestion des conflits.<\/p>\n","protected":false},"author":4,"featured_media":0,"parent":143,"menu_order":0,"comment_status":"closed","ping_status":"closed","template":"project_simple.php","meta":{"_acf_changed":false,"footnotes":""},"class_list":["post-1269","page","type-page","status-publish","hentry"],"acf":[],"yoast_head":"<!-- This site is optimized with the Yoast SEO plugin v27.1.1 - https:\/\/yoast.com\/product\/yoast-seo-wordpress\/ -->\n<title>Strat\u00e9gies pour r\u00e9tablir les ponts de communication \u00a0 - 2 Square Films<\/title>\n<meta name=\"description\" content=\"Production vid\u00e9o strat\u00e9gique pour la formation en milieu municipal. Une s\u00e9rie cr\u00e9ative con\u00e7ue pour am\u00e9liorer la communication et la gestion de conflits.\" \/>\n<meta name=\"robots\" content=\"index, follow, max-snippet:-1, max-image-preview:large, max-video-preview:-1\" \/>\n<link rel=\"canonical\" href=\"https:\/\/www.2squarefilms.com\/fr\/nos-realisations\/strategies-pour-retablir-les-ponts-de-communication\/\" \/>\n<meta property=\"og:locale\" content=\"fr_FR\" \/>\n<meta property=\"og:type\" content=\"article\" \/>\n<meta property=\"og:title\" content=\"Strat\u00e9gies pour r\u00e9tablir les ponts de communication \u00a0 - 2 Square Films\" \/>\n<meta property=\"og:description\" content=\"Production vid\u00e9o strat\u00e9gique pour la formation en milieu municipal. Une s\u00e9rie cr\u00e9ative con\u00e7ue pour am\u00e9liorer la communication et la gestion de conflits.\" \/>\n<meta property=\"og:url\" content=\"https:\/\/www.2squarefilms.com\/fr\/nos-realisations\/strategies-pour-retablir-les-ponts-de-communication\/\" \/>\n<meta property=\"og:site_name\" content=\"2 Square Films\" \/>\n<meta property=\"article:publisher\" content=\"https:\/\/www.facebook.com\/2SquareFilms\" \/>\n<meta property=\"article:modified_time\" content=\"2026-03-19T14:12:58+00:00\" \/>\n<script type=\"application\/ld+json\" class=\"yoast-schema-graph\">{\"@context\":\"https:\/\/schema.org\",\"@graph\":[{\"@type\":\"WebPage\",\"@id\":\"https:\/\/www.2squarefilms.com\/fr\/nos-realisations\/strategies-pour-retablir-les-ponts-de-communication\/\",\"url\":\"https:\/\/www.2squarefilms.com\/fr\/nos-realisations\/strategies-pour-retablir-les-ponts-de-communication\/\",\"name\":\"Strat\u00e9gies pour r\u00e9tablir les ponts de communication \u00a0 - 2 Square Films\",\"isPartOf\":{\"@id\":\"https:\/\/www.2squarefilms.com\/fr\/#website\"},\"datePublished\":\"2025-05-28T20:21:52+00:00\",\"dateModified\":\"2026-03-19T14:12:58+00:00\",\"description\":\"Production vid\u00e9o strat\u00e9gique pour la formation en milieu municipal. Une s\u00e9rie cr\u00e9ative con\u00e7ue pour am\u00e9liorer la communication et la gestion de conflits.\",\"breadcrumb\":{\"@id\":\"https:\/\/www.2squarefilms.com\/fr\/nos-realisations\/strategies-pour-retablir-les-ponts-de-communication\/#breadcrumb\"},\"inLanguage\":\"fr-FR\",\"potentialAction\":[{\"@type\":\"ReadAction\",\"target\":[\"https:\/\/www.2squarefilms.com\/fr\/nos-realisations\/strategies-pour-retablir-les-ponts-de-communication\/\"]}]},{\"@type\":\"BreadcrumbList\",\"@id\":\"https:\/\/www.2squarefilms.com\/fr\/nos-realisations\/strategies-pour-retablir-les-ponts-de-communication\/#breadcrumb\",\"itemListElement\":[{\"@type\":\"ListItem\",\"position\":1,\"name\":\"Home\",\"item\":\"https:\/\/www.2squarefilms.com\/fr\/\"},{\"@type\":\"ListItem\",\"position\":2,\"name\":\"Nos r\u00e9alisations\",\"item\":\"https:\/\/www.2squarefilms.com\/fr\/nos-realisations\/\"},{\"@type\":\"ListItem\",\"position\":3,\"name\":\"Strat\u00e9gies pour r\u00e9tablir les ponts de communication \u00a0\"}]},{\"@type\":\"WebSite\",\"@id\":\"https:\/\/www.2squarefilms.com\/fr\/#website\",\"url\":\"https:\/\/www.2squarefilms.com\/fr\/\",\"name\":\"2 Square Films\",\"description\":\"Imagine. Create. Share.\",\"publisher\":{\"@id\":\"https:\/\/www.2squarefilms.com\/fr\/#organization\"},\"alternateName\":\"2SF\",\"potentialAction\":[{\"@type\":\"SearchAction\",\"target\":{\"@type\":\"EntryPoint\",\"urlTemplate\":\"https:\/\/www.2squarefilms.com\/fr\/?s={search_term_string}\"},\"query-input\":{\"@type\":\"PropertyValueSpecification\",\"valueRequired\":true,\"valueName\":\"search_term_string\"}}],\"inLanguage\":\"fr-FR\"},{\"@type\":\"Organization\",\"@id\":\"https:\/\/www.2squarefilms.com\/fr\/#organization\",\"name\":\"2 Square Films\",\"alternateName\":\"2SF\",\"url\":\"https:\/\/www.2squarefilms.com\/fr\/\",\"logo\":{\"@type\":\"ImageObject\",\"inLanguage\":\"fr-FR\",\"@id\":\"https:\/\/www.2squarefilms.com\/fr\/#\/schema\/logo\/image\/\",\"url\":\"https:\/\/www.2squarefilms.com\/wp-content\/uploads\/2025\/06\/2square-logo.png\",\"contentUrl\":\"https:\/\/www.2squarefilms.com\/wp-content\/uploads\/2025\/06\/2square-logo.png\",\"width\":354,\"height\":358,\"caption\":\"2 Square Films\"},\"image\":{\"@id\":\"https:\/\/www.2squarefilms.com\/fr\/#\/schema\/logo\/image\/\"},\"sameAs\":[\"https:\/\/www.facebook.com\/2SquareFilms\",\"https:\/\/www.linkedin.com\/company\/2squarefilms\"]}]}<\/script>\n<!-- \/ Yoast SEO plugin. -->","yoast_head_json":{"title":"Strat\u00e9gies pour r\u00e9tablir les ponts de communication \u00a0 - 2 Square Films","description":"Production vid\u00e9o strat\u00e9gique pour la formation en milieu municipal. Une s\u00e9rie cr\u00e9ative con\u00e7ue pour am\u00e9liorer la communication et la gestion de conflits.","robots":{"index":"index","follow":"follow","max-snippet":"max-snippet:-1","max-image-preview":"max-image-preview:large","max-video-preview":"max-video-preview:-1"},"canonical":"https:\/\/www.2squarefilms.com\/fr\/nos-realisations\/strategies-pour-retablir-les-ponts-de-communication\/","og_locale":"fr_FR","og_type":"article","og_title":"Strat\u00e9gies pour r\u00e9tablir les ponts de communication \u00a0 - 2 Square Films","og_description":"Production vid\u00e9o strat\u00e9gique pour la formation en milieu municipal. Une s\u00e9rie cr\u00e9ative con\u00e7ue pour am\u00e9liorer la communication et la gestion de conflits.","og_url":"https:\/\/www.2squarefilms.com\/fr\/nos-realisations\/strategies-pour-retablir-les-ponts-de-communication\/","og_site_name":"2 Square Films","article_publisher":"https:\/\/www.facebook.com\/2SquareFilms","article_modified_time":"2026-03-19T14:12:58+00:00","schema":{"@context":"https:\/\/schema.org","@graph":[{"@type":"WebPage","@id":"https:\/\/www.2squarefilms.com\/fr\/nos-realisations\/strategies-pour-retablir-les-ponts-de-communication\/","url":"https:\/\/www.2squarefilms.com\/fr\/nos-realisations\/strategies-pour-retablir-les-ponts-de-communication\/","name":"Strat\u00e9gies pour r\u00e9tablir les ponts de communication \u00a0 - 2 Square Films","isPartOf":{"@id":"https:\/\/www.2squarefilms.com\/fr\/#website"},"datePublished":"2025-05-28T20:21:52+00:00","dateModified":"2026-03-19T14:12:58+00:00","description":"Production vid\u00e9o strat\u00e9gique pour la formation en milieu municipal. Une s\u00e9rie cr\u00e9ative con\u00e7ue pour am\u00e9liorer la communication et la gestion de conflits.","breadcrumb":{"@id":"https:\/\/www.2squarefilms.com\/fr\/nos-realisations\/strategies-pour-retablir-les-ponts-de-communication\/#breadcrumb"},"inLanguage":"fr-FR","potentialAction":[{"@type":"ReadAction","target":["https:\/\/www.2squarefilms.com\/fr\/nos-realisations\/strategies-pour-retablir-les-ponts-de-communication\/"]}]},{"@type":"BreadcrumbList","@id":"https:\/\/www.2squarefilms.com\/fr\/nos-realisations\/strategies-pour-retablir-les-ponts-de-communication\/#breadcrumb","itemListElement":[{"@type":"ListItem","position":1,"name":"Home","item":"https:\/\/www.2squarefilms.com\/fr\/"},{"@type":"ListItem","position":2,"name":"Nos r\u00e9alisations","item":"https:\/\/www.2squarefilms.com\/fr\/nos-realisations\/"},{"@type":"ListItem","position":3,"name":"Strat\u00e9gies pour r\u00e9tablir les ponts de communication \u00a0"}]},{"@type":"WebSite","@id":"https:\/\/www.2squarefilms.com\/fr\/#website","url":"https:\/\/www.2squarefilms.com\/fr\/","name":"2 Square Films","description":"Imagine. Create. Share.","publisher":{"@id":"https:\/\/www.2squarefilms.com\/fr\/#organization"},"alternateName":"2SF","potentialAction":[{"@type":"SearchAction","target":{"@type":"EntryPoint","urlTemplate":"https:\/\/www.2squarefilms.com\/fr\/?s={search_term_string}"},"query-input":{"@type":"PropertyValueSpecification","valueRequired":true,"valueName":"search_term_string"}}],"inLanguage":"fr-FR"},{"@type":"Organization","@id":"https:\/\/www.2squarefilms.com\/fr\/#organization","name":"2 Square Films","alternateName":"2SF","url":"https:\/\/www.2squarefilms.com\/fr\/","logo":{"@type":"ImageObject","inLanguage":"fr-FR","@id":"https:\/\/www.2squarefilms.com\/fr\/#\/schema\/logo\/image\/","url":"https:\/\/www.2squarefilms.com\/wp-content\/uploads\/2025\/06\/2square-logo.png","contentUrl":"https:\/\/www.2squarefilms.com\/wp-content\/uploads\/2025\/06\/2square-logo.png","width":354,"height":358,"caption":"2 Square Films"},"image":{"@id":"https:\/\/www.2squarefilms.com\/fr\/#\/schema\/logo\/image\/"},"sameAs":["https:\/\/www.facebook.com\/2SquareFilms","https:\/\/www.linkedin.com\/company\/2squarefilms"]}]}},"_links":{"self":[{"href":"https:\/\/www.2squarefilms.com\/fr\/wp-json\/wp\/v2\/pages\/1269","targetHints":{"allow":["GET"]}}],"collection":[{"href":"https:\/\/www.2squarefilms.com\/fr\/wp-json\/wp\/v2\/pages"}],"about":[{"href":"https:\/\/www.2squarefilms.com\/fr\/wp-json\/wp\/v2\/types\/page"}],"author":[{"embeddable":true,"href":"https:\/\/www.2squarefilms.com\/fr\/wp-json\/wp\/v2\/users\/4"}],"replies":[{"embeddable":true,"href":"https:\/\/www.2squarefilms.com\/fr\/wp-json\/wp\/v2\/comments?post=1269"}],"version-history":[{"count":11,"href":"https:\/\/www.2squarefilms.com\/fr\/wp-json\/wp\/v2\/pages\/1269\/revisions"}],"predecessor-version":[{"id":2840,"href":"https:\/\/www.2squarefilms.com\/fr\/wp-json\/wp\/v2\/pages\/1269\/revisions\/2840"}],"up":[{"embeddable":true,"href":"https:\/\/www.2squarefilms.com\/fr\/wp-json\/wp\/v2\/pages\/143"}],"wp:attachment":[{"href":"https:\/\/www.2squarefilms.com\/fr\/wp-json\/wp\/v2\/media?parent=1269"}],"curies":[{"name":"wp","href":"https:\/\/api.w.org\/{rel}","templated":true}]}}